{"id":1894,"date":"2023-01-11T13:52:46","date_gmt":"2023-01-11T12:52:46","guid":{"rendered":"https:\/\/derula.com\/structure\/"},"modified":"2024-07-01T11:05:43","modified_gmt":"2024-07-01T09:05:43","slug":"vallalatfelepitese","status":"publish","type":"page","link":"https:\/\/derula.com\/hu\/vallalatfelepitese\/","title":{"rendered":"V\u00e1llalat fel\u00e9p\u00edt\u00e9se"},"content":{"rendered":"\t\t<div data-elementor-type=\"wp-page\" data-elementor-id=\"1894\" class=\"elementor elementor-1894 elementor-361\" data-elementor-post-type=\"page\">\n\t\t\t\t\t\t<section class=\"elementor-section elementor-top-section elementor-element elementor-element-f44cb1b elementor-section-boxed elementor-section-height-default elementor-section-height-default\" data-id=\"f44cb1b\" data-element_type=\"section\">\n\t\t\t\t\t\t<div class=\"elementor-container elementor-column-gap-default\">\n\t\t\t\t\t<div class=\"elementor-column elementor-col-100 elementor-top-column elementor-element elementor-element-2b61f5d\" data-id=\"2b61f5d\" data-element_type=\"column\">\n\t\t\t<div class=\"elementor-widget-wrap elementor-element-populated\">\n\t\t\t\t\t\t<div class=\"elementor-element elementor-element-c252104 elementor-widget elementor-widget-heading\" data-id=\"c252104\" data-element_type=\"widget\" data-widget_type=\"heading.default\">\n\t\t\t\t<div class=\"elementor-widget-container\">\n\t\t\t\t\t<h1 class=\"elementor-heading-title elementor-size-default\">V\u00e1llalatunk fel\u00e9p\u00edt\u00e9se<\/h1>\t\t\t\t<\/div>\n\t\t\t\t<\/div>\n\t\t\t\t<div class=\"elementor-element elementor-element-95579f3 elementor-widget-divider--view-line elementor-widget elementor-widget-divider\" data-id=\"95579f3\" data-element_type=\"widget\" data-widget_type=\"divider.default\">\n\t\t\t\t<div class=\"elementor-widget-container\">\n\t\t\t\t\t\t\t<div class=\"elementor-divider\">\n\t\t\t<span class=\"elementor-divider-separator\">\n\t\t\t\t\t\t<\/span>\n\t\t<\/div>\n\t\t\t\t\t\t<\/div>\n\t\t\t\t<\/div>\n\t\t\t\t\t<\/div>\n\t\t<\/div>\n\t\t\t\t\t<\/div>\n\t\t<\/section>\n\t\t\t\t<section class=\"elementor-section elementor-top-section elementor-element elementor-element-59c4963 elementor-section-full_width elementor-reverse-mobile elementor-section-height-default elementor-section-height-default\" data-id=\"59c4963\" data-element_type=\"section\" data-settings=\"{&quot;background_background&quot;:&quot;classic&quot;}\">\n\t\t\t\t\t\t\t<div class=\"elementor-background-overlay\"><\/div>\n\t\t\t\t\t\t\t<div class=\"elementor-container elementor-column-gap-no\">\n\t\t\t\t\t<div class=\"elementor-column elementor-col-50 elementor-top-column elementor-element elementor-element-3802328\" data-id=\"3802328\" data-element_type=\"column\" data-settings=\"{&quot;background_background&quot;:&quot;classic&quot;}\">\n\t\t\t<div class=\"elementor-widget-wrap elementor-element-populated\">\n\t\t\t\t\t\t<div class=\"elementor-element elementor-element-23294e8 elementor-widget elementor-widget-spacer\" data-id=\"23294e8\" data-element_type=\"widget\" data-widget_type=\"spacer.default\">\n\t\t\t\t<div class=\"elementor-widget-container\">\n\t\t\t\t\t\t\t<div class=\"elementor-spacer\">\n\t\t\t<div class=\"elementor-spacer-inner\"><\/div>\n\t\t<\/div>\n\t\t\t\t\t\t<\/div>\n\t\t\t\t<\/div>\n\t\t\t\t\t<\/div>\n\t\t<\/div>\n\t\t\t\t<div class=\"elementor-column elementor-col-50 elementor-top-column elementor-element elementor-element-15fba26\" data-id=\"15fba26\" data-element_type=\"column\" data-settings=\"{&quot;background_background&quot;:&quot;classic&quot;}\">\n\t\t\t<div class=\"elementor-widget-wrap elementor-element-populated\">\n\t\t\t\t\t\t<div class=\"elementor-element elementor-element-2ccfc5c elementor-widget elementor-widget-image\" data-id=\"2ccfc5c\" data-element_type=\"widget\" data-widget_type=\"image.default\">\n\t\t\t\t<div class=\"elementor-widget-container\">\n\t\t\t\t\t\t\t\t\t\t\t\t\t\t\t<img decoding=\"async\" width=\"451\" height=\"35\" src=\"https:\/\/derula.com\/wp-content\/uploads\/2023\/02\/Loghi_Aziende.png\" class=\"attachment-large size-large wp-image-1863\" alt=\"Companies\" srcset=\"https:\/\/derula.com\/wp-content\/uploads\/2023\/02\/Loghi_Aziende.png 451w, https:\/\/derula.com\/wp-content\/uploads\/2023\/02\/Loghi_Aziende-300x23.png 300w\" sizes=\"(max-width: 451px) 100vw, 451px\" \/>\t\t\t\t\t\t\t\t\t\t\t\t\t\t\t<\/div>\n\t\t\t\t<\/div>\n\t\t\t\t<div class=\"elementor-element elementor-element-88d9d33 elementor-widget elementor-widget-text-editor\" data-id=\"88d9d33\" data-element_type=\"widget\" data-widget_type=\"text-editor.default\">\n\t\t\t\t<div class=\"elementor-widget-container\">\n\t\t\t\t\t\t\t\t\t<p>Az \u00e1ltalunk \u00e9p\u00edtett m\u00e1rkan\u00e9v h\u00e1rom olyan v\u00e1llalat szak\u00e9rtelm\u00e9t, elhivatotts\u00e1g\u00e1t \u00e9s ipari kult\u00far\u00e1j\u00e1t egyes\u00edti, amelyek az \u00e9vek sor\u00e1n jelent\u0151s poz\u00edci\u00f3t v\u00edvtak ki a falemezipari gy\u00e1rt\u00f3tev\u00e9kenys\u00e9g nemzetk\u00f6zi sz\u00ednter\u00e9n.<\/p><p>Szervezeti fel\u00e9p\u00edt\u00e9s\u00fcnk nagyobb fok\u00fa <strong>rugalmass\u00e1got <\/strong>tett lehet\u0151v\u00e9 a <strong>termel\u00e9s <\/strong>ter\u00e9n, emellett el\u0151seg\u00edtette <strong>szolg\u00e1ltat\u00e1saink<\/strong> min\u0151s\u00e9g\u00e9nek jav\u00edt\u00e1s\u00e1t, t\u00f6bbr\u00e9t\u0171 v\u00e1llalati <strong>strat\u00e9gia<\/strong> kialak\u00edt\u00e1s\u00e1t, valamint a piaci ig\u00e9nyeket azonnal lek\u00f6vet\u0151 <strong>term\u00e9kpoz\u00edcion\u00e1l\u00e1st<\/strong>.<\/p>\t\t\t\t\t\t\t\t<\/div>\n\t\t\t\t<\/div>\n\t\t\t\t\t<\/div>\n\t\t<\/div>\n\t\t\t\t\t<\/div>\n\t\t<\/section>\n\t\t\t\t<\/div>\n\t\t","protected":false},"excerpt":{"rendered":"<p>V\u00e1llalatunk fel\u00e9p\u00edt\u00e9se Az \u00e1ltalunk \u00e9p\u00edtett m\u00e1rkan\u00e9v h\u00e1rom olyan v\u00e1llalat szak\u00e9rtelm\u00e9t, elhivatotts\u00e1g\u00e1t \u00e9s ipari kult\u00far\u00e1j\u00e1t egyes\u00edti, amelyek az \u00e9vek sor\u00e1n jelent\u0151s poz\u00edci\u00f3t v\u00edvtak ki a falemezipari gy\u00e1rt\u00f3tev\u00e9kenys\u00e9g nemzetk\u00f6zi sz\u00ednter\u00e9n. Szervezeti fel\u00e9p\u00edt\u00e9s\u00fcnk nagyobb fok\u00fa rugalmass\u00e1got tett lehet\u0151v\u00e9 a termel\u00e9s ter\u00e9n, emellett el\u0151seg\u00edtette szolg\u00e1ltat\u00e1saink min\u0151s\u00e9g\u00e9nek jav\u00edt\u00e1s\u00e1t, t\u00f6bbr\u00e9t\u0171 v\u00e1llalati strat\u00e9gia kialak\u00edt\u00e1s\u00e1t, valamint a piaci ig\u00e9nyeket azonnal lek\u00f6vet\u0151 term\u00e9kpoz\u00edcion\u00e1l\u00e1st.<\/p>\n","protected":false},"author":1,"featured_media":0,"parent":0,"menu_order":0,"comment_status":"closed","ping_status":"closed","template":"elementor_header_footer","meta":{"footnotes":""},"class_list":["post-1894","page","type-page","status-publish"],"yoast_head":"<!-- This site is optimized with the Yoast SEO plugin v26.3 - https:\/\/yoast.com\/wordpress\/plugins\/seo\/ -->\n<title>V\u00e1llalat fel\u00e9p\u00edt\u00e9se - Derula<\/title>\n<meta name=\"description\" content=\"A Bonzano m\u00e1rkan\u00e9v h\u00e1rom olyan v\u00e1llalat szak\u00e9rtelm\u00e9t, elhivatotts\u00e1g\u00e1t \u00e9s ipari kult\u00far\u00e1j\u00e1t egyes\u00edti, amelyek az \u00e9vek sor\u00e1n jelent\u0151s poz\u00edci\u00f3t v\u00edvtak ki a falemezipari gy\u00e1rt\u00f3tev\u00e9kenys\u00e9g nemzetk\u00f6zi sz\u00ednter\u00e9n.\" \/>\n<meta name=\"robots\" content=\"index, follow, max-snippet:-1, max-image-preview:large, max-video-preview:-1\" \/>\n<link rel=\"canonical\" href=\"https:\/\/derula.com\/hu\/vallalatfelepitese\/\" \/>\n<meta property=\"og:locale\" content=\"hu_HU\" \/>\n<meta property=\"og:type\" content=\"article\" \/>\n<meta property=\"og:title\" content=\"V\u00e1llalat fel\u00e9p\u00edt\u00e9se - Derula\" \/>\n<meta property=\"og:description\" content=\"A Bonzano m\u00e1rkan\u00e9v h\u00e1rom olyan v\u00e1llalat szak\u00e9rtelm\u00e9t, elhivatotts\u00e1g\u00e1t \u00e9s ipari kult\u00far\u00e1j\u00e1t egyes\u00edti, amelyek az \u00e9vek sor\u00e1n jelent\u0151s poz\u00edci\u00f3t v\u00edvtak ki a falemezipari gy\u00e1rt\u00f3tev\u00e9kenys\u00e9g nemzetk\u00f6zi sz\u00ednter\u00e9n.\" \/>\n<meta property=\"og:url\" content=\"https:\/\/derula.com\/hu\/vallalatfelepitese\/\" \/>\n<meta property=\"og:site_name\" content=\"Derula\" \/>\n<meta property=\"article:modified_time\" content=\"2024-07-01T09:05:43+00:00\" \/>\n<meta property=\"og:image\" content=\"https:\/\/derula.com\/wp-content\/uploads\/2023\/02\/Loghi_Aziende.png\" \/>\n<meta name=\"twitter:card\" content=\"summary_large_image\" \/>\n<meta name=\"twitter:label1\" content=\"Becs\u00fclt olvas\u00e1si id\u0151\" \/>\n\t<meta name=\"twitter:data1\" content=\"1 perc\" \/>\n<script type=\"application\/ld+json\" class=\"yoast-schema-graph\">{\"@context\":\"https:\/\/schema.org\",\"@graph\":[{\"@type\":\"WebPage\",\"@id\":\"https:\/\/derula.com\/hu\/vallalatfelepitese\/\",\"url\":\"https:\/\/derula.com\/hu\/vallalatfelepitese\/\",\"name\":\"V\u00e1llalat fel\u00e9p\u00edt\u00e9se - Derula\",\"isPartOf\":{\"@id\":\"https:\/\/derula.com\/hu\/#website\"},\"primaryImageOfPage\":{\"@id\":\"https:\/\/derula.com\/hu\/vallalatfelepitese\/#primaryimage\"},\"image\":{\"@id\":\"https:\/\/derula.com\/hu\/vallalatfelepitese\/#primaryimage\"},\"thumbnailUrl\":\"https:\/\/derula.com\/wp-content\/uploads\/2023\/02\/Loghi_Aziende.png\",\"datePublished\":\"2023-01-11T12:52:46+00:00\",\"dateModified\":\"2024-07-01T09:05:43+00:00\",\"description\":\"A Bonzano m\u00e1rkan\u00e9v h\u00e1rom olyan v\u00e1llalat szak\u00e9rtelm\u00e9t, elhivatotts\u00e1g\u00e1t \u00e9s ipari kult\u00far\u00e1j\u00e1t egyes\u00edti, amelyek az \u00e9vek sor\u00e1n jelent\u0151s poz\u00edci\u00f3t v\u00edvtak ki a falemezipari gy\u00e1rt\u00f3tev\u00e9kenys\u00e9g nemzetk\u00f6zi sz\u00ednter\u00e9n.\",\"breadcrumb\":{\"@id\":\"https:\/\/derula.com\/hu\/vallalatfelepitese\/#breadcrumb\"},\"inLanguage\":\"hu\",\"potentialAction\":[{\"@type\":\"ReadAction\",\"target\":[\"https:\/\/derula.com\/hu\/vallalatfelepitese\/\"]}]},{\"@type\":\"ImageObject\",\"inLanguage\":\"hu\",\"@id\":\"https:\/\/derula.com\/hu\/vallalatfelepitese\/#primaryimage\",\"url\":\"https:\/\/derula.com\/wp-content\/uploads\/2023\/02\/Loghi_Aziende.png\",\"contentUrl\":\"https:\/\/derula.com\/wp-content\/uploads\/2023\/02\/Loghi_Aziende.png\"},{\"@type\":\"BreadcrumbList\",\"@id\":\"https:\/\/derula.com\/hu\/vallalatfelepitese\/#breadcrumb\",\"itemListElement\":[{\"@type\":\"ListItem\",\"position\":1,\"name\":\"Home\",\"item\":\"https:\/\/derula.com\/hu\/\"},{\"@type\":\"ListItem\",\"position\":2,\"name\":\"V\u00e1llalat fel\u00e9p\u00edt\u00e9se\"}]},{\"@type\":\"WebSite\",\"@id\":\"https:\/\/derula.com\/hu\/#website\",\"url\":\"https:\/\/derula.com\/hu\/\",\"name\":\"Derula\",\"description\":\"plywood and plantations\",\"publisher\":{\"@id\":\"https:\/\/derula.com\/hu\/#organization\"},\"potentialAction\":[{\"@type\":\"SearchAction\",\"target\":{\"@type\":\"EntryPoint\",\"urlTemplate\":\"https:\/\/derula.com\/hu\/?s={search_term_string}\"},\"query-input\":{\"@type\":\"PropertyValueSpecification\",\"valueRequired\":true,\"valueName\":\"search_term_string\"}}],\"inLanguage\":\"hu\"},{\"@type\":\"Organization\",\"@id\":\"https:\/\/derula.com\/hu\/#organization\",\"name\":\"Derula Kft\",\"url\":\"https:\/\/derula.com\/hu\/\",\"logo\":{\"@type\":\"ImageObject\",\"inLanguage\":\"hu\",\"@id\":\"https:\/\/derula.com\/hu\/#\/schema\/logo\/image\/\",\"url\":\"https:\/\/derula.com\/wp-content\/uploads\/2023\/01\/DERULA-logo.png\",\"contentUrl\":\"https:\/\/derula.com\/wp-content\/uploads\/2023\/01\/DERULA-logo.png\",\"width\":500,\"height\":104,\"caption\":\"Derula Kft\"},\"image\":{\"@id\":\"https:\/\/derula.com\/hu\/#\/schema\/logo\/image\/\"}}]}<\/script>\n<!-- \/ Yoast SEO plugin. -->","yoast_head_json":{"title":"V\u00e1llalat fel\u00e9p\u00edt\u00e9se - Derula","description":"A Bonzano m\u00e1rkan\u00e9v h\u00e1rom olyan v\u00e1llalat szak\u00e9rtelm\u00e9t, elhivatotts\u00e1g\u00e1t \u00e9s ipari kult\u00far\u00e1j\u00e1t egyes\u00edti, amelyek az \u00e9vek sor\u00e1n jelent\u0151s poz\u00edci\u00f3t v\u00edvtak ki a falemezipari gy\u00e1rt\u00f3tev\u00e9kenys\u00e9g nemzetk\u00f6zi sz\u00ednter\u00e9n.","robots":{"index":"index","follow":"follow","max-snippet":"max-snippet:-1","max-image-preview":"max-image-preview:large","max-video-preview":"max-video-preview:-1"},"canonical":"https:\/\/derula.com\/hu\/vallalatfelepitese\/","og_locale":"hu_HU","og_type":"article","og_title":"V\u00e1llalat fel\u00e9p\u00edt\u00e9se - Derula","og_description":"A Bonzano m\u00e1rkan\u00e9v h\u00e1rom olyan v\u00e1llalat szak\u00e9rtelm\u00e9t, elhivatotts\u00e1g\u00e1t \u00e9s ipari kult\u00far\u00e1j\u00e1t egyes\u00edti, amelyek az \u00e9vek sor\u00e1n jelent\u0151s poz\u00edci\u00f3t v\u00edvtak ki a falemezipari gy\u00e1rt\u00f3tev\u00e9kenys\u00e9g nemzetk\u00f6zi sz\u00ednter\u00e9n.","og_url":"https:\/\/derula.com\/hu\/vallalatfelepitese\/","og_site_name":"Derula","article_modified_time":"2024-07-01T09:05:43+00:00","og_image":[{"url":"https:\/\/derula.com\/wp-content\/uploads\/2023\/02\/Loghi_Aziende.png","type":"","width":"","height":""}],"twitter_card":"summary_large_image","twitter_misc":{"Becs\u00fclt olvas\u00e1si id\u0151":"1 perc"},"schema":{"@context":"https:\/\/schema.org","@graph":[{"@type":"WebPage","@id":"https:\/\/derula.com\/hu\/vallalatfelepitese\/","url":"https:\/\/derula.com\/hu\/vallalatfelepitese\/","name":"V\u00e1llalat fel\u00e9p\u00edt\u00e9se - Derula","isPartOf":{"@id":"https:\/\/derula.com\/hu\/#website"},"primaryImageOfPage":{"@id":"https:\/\/derula.com\/hu\/vallalatfelepitese\/#primaryimage"},"image":{"@id":"https:\/\/derula.com\/hu\/vallalatfelepitese\/#primaryimage"},"thumbnailUrl":"https:\/\/derula.com\/wp-content\/uploads\/2023\/02\/Loghi_Aziende.png","datePublished":"2023-01-11T12:52:46+00:00","dateModified":"2024-07-01T09:05:43+00:00","description":"A Bonzano m\u00e1rkan\u00e9v h\u00e1rom olyan v\u00e1llalat szak\u00e9rtelm\u00e9t, elhivatotts\u00e1g\u00e1t \u00e9s ipari kult\u00far\u00e1j\u00e1t egyes\u00edti, amelyek az \u00e9vek sor\u00e1n jelent\u0151s poz\u00edci\u00f3t v\u00edvtak ki a falemezipari gy\u00e1rt\u00f3tev\u00e9kenys\u00e9g nemzetk\u00f6zi sz\u00ednter\u00e9n.","breadcrumb":{"@id":"https:\/\/derula.com\/hu\/vallalatfelepitese\/#breadcrumb"},"inLanguage":"hu","potentialAction":[{"@type":"ReadAction","target":["https:\/\/derula.com\/hu\/vallalatfelepitese\/"]}]},{"@type":"ImageObject","inLanguage":"hu","@id":"https:\/\/derula.com\/hu\/vallalatfelepitese\/#primaryimage","url":"https:\/\/derula.com\/wp-content\/uploads\/2023\/02\/Loghi_Aziende.png","contentUrl":"https:\/\/derula.com\/wp-content\/uploads\/2023\/02\/Loghi_Aziende.png"},{"@type":"BreadcrumbList","@id":"https:\/\/derula.com\/hu\/vallalatfelepitese\/#breadcrumb","itemListElement":[{"@type":"ListItem","position":1,"name":"Home","item":"https:\/\/derula.com\/hu\/"},{"@type":"ListItem","position":2,"name":"V\u00e1llalat fel\u00e9p\u00edt\u00e9se"}]},{"@type":"WebSite","@id":"https:\/\/derula.com\/hu\/#website","url":"https:\/\/derula.com\/hu\/","name":"Derula","description":"plywood and plantations","publisher":{"@id":"https:\/\/derula.com\/hu\/#organization"},"potentialAction":[{"@type":"SearchAction","target":{"@type":"EntryPoint","urlTemplate":"https:\/\/derula.com\/hu\/?s={search_term_string}"},"query-input":{"@type":"PropertyValueSpecification","valueRequired":true,"valueName":"search_term_string"}}],"inLanguage":"hu"},{"@type":"Organization","@id":"https:\/\/derula.com\/hu\/#organization","name":"Derula Kft","url":"https:\/\/derula.com\/hu\/","logo":{"@type":"ImageObject","inLanguage":"hu","@id":"https:\/\/derula.com\/hu\/#\/schema\/logo\/image\/","url":"https:\/\/derula.com\/wp-content\/uploads\/2023\/01\/DERULA-logo.png","contentUrl":"https:\/\/derula.com\/wp-content\/uploads\/2023\/01\/DERULA-logo.png","width":500,"height":104,"caption":"Derula Kft"},"image":{"@id":"https:\/\/derula.com\/hu\/#\/schema\/logo\/image\/"}}]}},"_links":{"self":[{"href":"https:\/\/derula.com\/hu\/wp-json\/wp\/v2\/pages\/1894","targetHints":{"allow":["GET"]}}],"collection":[{"href":"https:\/\/derula.com\/hu\/wp-json\/wp\/v2\/pages"}],"about":[{"href":"https:\/\/derula.com\/hu\/wp-json\/wp\/v2\/types\/page"}],"author":[{"embeddable":true,"href":"https:\/\/derula.com\/hu\/wp-json\/wp\/v2\/users\/1"}],"replies":[{"embeddable":true,"href":"https:\/\/derula.com\/hu\/wp-json\/wp\/v2\/comments?post=1894"}],"version-history":[{"count":0,"href":"https:\/\/derula.com\/hu\/wp-json\/wp\/v2\/pages\/1894\/revisions"}],"wp:attachment":[{"href":"https:\/\/derula.com\/hu\/wp-json\/wp\/v2\/media?parent=1894"}],"curies":[{"name":"wp","href":"https:\/\/api.w.org\/{rel}","templated":true}]}}