{"id":1888,"date":"2023-01-11T09:40:44","date_gmt":"2023-01-11T08:40:44","guid":{"rendered":"https:\/\/derula.com\/culture\/"},"modified":"2023-05-17T11:31:56","modified_gmt":"2023-05-17T09:31:56","slug":"kulturank","status":"publish","type":"page","link":"https:\/\/derula.com\/hu\/kulturank\/","title":{"rendered":"Kult\u00far\u00e1nk"},"content":{"rendered":"\t\t<div data-elementor-type=\"wp-page\" data-elementor-id=\"1888\" class=\"elementor elementor-1888 elementor-191\" data-elementor-post-type=\"page\">\n\t\t\t\t\t\t<section class=\"elementor-section elementor-top-section elementor-element elementor-element-6aeeb9c elementor-section-boxed elementor-section-height-default elementor-section-height-default\" data-id=\"6aeeb9c\" data-element_type=\"section\" data-settings=\"{&quot;background_background&quot;:&quot;classic&quot;}\">\n\t\t\t\t\t\t<div class=\"elementor-container elementor-column-gap-no\">\n\t\t\t\t\t<div class=\"elementor-column elementor-col-100 elementor-top-column elementor-element elementor-element-2d246d0\" data-id=\"2d246d0\" data-element_type=\"column\">\n\t\t\t<div class=\"elementor-widget-wrap elementor-element-populated\">\n\t\t\t\t\t\t<div class=\"elementor-element elementor-element-bb65a0d elementor-icon-list--layout-inline elementor-align-center elementor-list-item-link-full_width elementor-widget elementor-widget-icon-list\" data-id=\"bb65a0d\" data-element_type=\"widget\" data-widget_type=\"icon-list.default\">\n\t\t\t\t<div class=\"elementor-widget-container\">\n\t\t\t\t\t\t\t<ul class=\"elementor-icon-list-items elementor-inline-items\">\n\t\t\t\t\t\t\t<li class=\"elementor-icon-list-item elementor-inline-item\">\n\t\t\t\t\t\t\t\t\t\t\t<a href=\"#kuldetesesjovokep\">\n\n\t\t\t\t\t\t\t\t\t\t\t<span class=\"elementor-icon-list-text\">K\u00fcldet\u00e9s \u00e9s j\u00f6v\u0151k\u00e9p<\/span>\n\t\t\t\t\t\t\t\t\t\t\t<\/a>\n\t\t\t\t\t\t\t\t\t<\/li>\n\t\t\t\t\t\t\t\t<li class=\"elementor-icon-list-item elementor-inline-item\">\n\t\t\t\t\t\t\t\t\t\t\t<a href=\"#ertekeink\">\n\n\t\t\t\t\t\t\t\t\t\t\t<span class=\"elementor-icon-list-text\">\u00c9rt\u00e9keink<\/span>\n\t\t\t\t\t\t\t\t\t\t\t<\/a>\n\t\t\t\t\t\t\t\t\t<\/li>\n\t\t\t\t\t\t<\/ul>\n\t\t\t\t\t\t<\/div>\n\t\t\t\t<\/div>\n\t\t\t\t\t<\/div>\n\t\t<\/div>\n\t\t\t\t\t<\/div>\n\t\t<\/section>\n\t\t\t\t<section class=\"elementor-section elementor-top-section elementor-element elementor-element-db0d569 elementor-section-boxed elementor-section-height-default elementor-section-height-default\" data-id=\"db0d569\" data-element_type=\"section\">\n\t\t\t\t\t\t<div class=\"elementor-container elementor-column-gap-default\">\n\t\t\t\t\t<div class=\"elementor-column elementor-col-100 elementor-top-column elementor-element elementor-element-f723c77\" data-id=\"f723c77\" data-element_type=\"column\">\n\t\t\t<div class=\"elementor-widget-wrap elementor-element-populated\">\n\t\t\t\t\t\t<div class=\"elementor-element elementor-element-dc2172a elementor-widget elementor-widget-menu-anchor\" data-id=\"dc2172a\" data-element_type=\"widget\" data-widget_type=\"menu-anchor.default\">\n\t\t\t\t<div class=\"elementor-widget-container\">\n\t\t\t\t\t\t\t<div class=\"elementor-menu-anchor\" id=\"kuldetesesjovokep\"><\/div>\n\t\t\t\t\t\t<\/div>\n\t\t\t\t<\/div>\n\t\t\t\t<div class=\"elementor-element elementor-element-6c381bd elementor-widget elementor-widget-heading\" data-id=\"6c381bd\" data-element_type=\"widget\" data-widget_type=\"heading.default\">\n\t\t\t\t<div class=\"elementor-widget-container\">\n\t\t\t\t\t<h1 class=\"elementor-heading-title elementor-size-default\">K\u00fcldet\u00e9s \u00e9s j\u00f6v\u0151k\u00e9p<\/h1>\t\t\t\t<\/div>\n\t\t\t\t<\/div>\n\t\t\t\t<div class=\"elementor-element elementor-element-7b335b3 elementor-widget-divider--view-line elementor-widget elementor-widget-divider\" data-id=\"7b335b3\" data-element_type=\"widget\" data-widget_type=\"divider.default\">\n\t\t\t\t<div class=\"elementor-widget-container\">\n\t\t\t\t\t\t\t<div class=\"elementor-divider\">\n\t\t\t<span class=\"elementor-divider-separator\">\n\t\t\t\t\t\t<\/span>\n\t\t<\/div>\n\t\t\t\t\t\t<\/div>\n\t\t\t\t<\/div>\n\t\t\t\t\t<\/div>\n\t\t<\/div>\n\t\t\t\t\t<\/div>\n\t\t<\/section>\n\t\t\t\t<section class=\"elementor-section elementor-top-section elementor-element elementor-element-2c2513d elementor-section-boxed elementor-section-height-default elementor-section-height-default\" data-id=\"2c2513d\" data-element_type=\"section\">\n\t\t\t\t\t\t<div class=\"elementor-container elementor-column-gap-no\">\n\t\t\t\t\t<div class=\"elementor-column elementor-col-50 elementor-top-column elementor-element elementor-element-579c1e5\" data-id=\"579c1e5\" data-element_type=\"column\">\n\t\t\t<div class=\"elementor-widget-wrap elementor-element-populated\">\n\t\t\t\t\t\t<div class=\"elementor-element elementor-element-4e732d7 elementor-widget elementor-widget-image\" data-id=\"4e732d7\" data-element_type=\"widget\" data-widget_type=\"image.default\">\n\t\t\t\t<div class=\"elementor-widget-container\">\n\t\t\t\t\t\t\t\t\t\t\t\t\t\t\t<img fetchpriority=\"high\" decoding=\"async\" width=\"368\" height=\"366\" src=\"https:\/\/derula.com\/wp-content\/uploads\/2023\/01\/MONDO.jpg\" class=\"attachment-full size-full wp-image-1776\" alt=\"world plywood\" srcset=\"https:\/\/derula.com\/wp-content\/uploads\/2023\/01\/MONDO.jpg 368w, https:\/\/derula.com\/wp-content\/uploads\/2023\/01\/MONDO-300x298.jpg 300w, https:\/\/derula.com\/wp-content\/uploads\/2023\/01\/MONDO-150x150.jpg 150w\" sizes=\"(max-width: 368px) 100vw, 368px\" \/>\t\t\t\t\t\t\t\t\t\t\t\t\t\t\t<\/div>\n\t\t\t\t<\/div>\n\t\t\t\t\t<\/div>\n\t\t<\/div>\n\t\t\t\t<div class=\"elementor-column elementor-col-50 elementor-top-column elementor-element elementor-element-0fbcc53\" data-id=\"0fbcc53\" data-element_type=\"column\">\n\t\t\t<div class=\"elementor-widget-wrap elementor-element-populated\">\n\t\t\t\t\t\t<div class=\"elementor-element elementor-element-5afed7b elementor-widget elementor-widget-text-editor\" data-id=\"5afed7b\" data-element_type=\"widget\" data-widget_type=\"text-editor.default\">\n\t\t\t\t<div class=\"elementor-widget-container\">\n\t\t\t\t\t\t\t\t\tCsapatunk nagyra becs\u00fcli a f\u00e1ban rejl\u0151 er\u0151forr\u00e1sokat, \u00e9s el\u0151seg\u00edti a piacok fejl\u0151d\u00e9s\u00e9t r\u00e9szv\u00e9nyeseink, munkav\u00e1llal\u00f3ink \u00e9s minden egy\u00e9b \u00e9rdekelt f\u00e9l el\u00e9gedetts\u00e9ge \u00e9rdek\u00e9ben, nagy hangs\u00falyt fektetve a v\u00e1llalati t\u00e1rsadalmi felel\u0151ss\u00e9gv\u00e1llal\u00e1sra.\t\t\t\t\t\t\t\t<\/div>\n\t\t\t\t<\/div>\n\t\t\t\t<div class=\"elementor-element elementor-element-bd57c56 elementor-align-left elementor-icon-list--layout-traditional elementor-list-item-link-full_width elementor-widget elementor-widget-icon-list\" data-id=\"bd57c56\" data-element_type=\"widget\" data-widget_type=\"icon-list.default\">\n\t\t\t\t<div class=\"elementor-widget-container\">\n\t\t\t\t\t\t\t<ul class=\"elementor-icon-list-items\">\n\t\t\t\t\t\t\t<li class=\"elementor-icon-list-item\">\n\t\t\t\t\t\t\t\t\t\t\t<span class=\"elementor-icon-list-icon\">\n\t\t\t\t\t\t\t<i aria-hidden=\"true\" class=\"fas fa-check\"><\/i>\t\t\t\t\t\t<\/span>\n\t\t\t\t\t\t\t\t\t\t<span class=\"elementor-icon-list-text\">A ny\u00e1rfa v\u00e1ltozatlanul a j\u00f6v\u0151nk \u00e9s els\u0151dleges alapanyagunk<\/span>\n\t\t\t\t\t\t\t\t\t<\/li>\n\t\t\t\t\t\t\t\t<li class=\"elementor-icon-list-item\">\n\t\t\t\t\t\t\t\t\t\t\t<span class=\"elementor-icon-list-icon\">\n\t\t\t\t\t\t\t<i aria-hidden=\"true\" class=\"fas fa-check\"><\/i>\t\t\t\t\t\t<\/span>\n\t\t\t\t\t\t\t\t\t\t<span class=\"elementor-icon-list-text\">Akt\u00edvan r\u00e9szt vesz\u00fcnk a ny\u00e1rfaell\u00e1t\u00e1si l\u00e1nc fejleszt\u00e9s\u00e9ben<\/span>\n\t\t\t\t\t\t\t\t\t<\/li>\n\t\t\t\t\t\t\t\t<li class=\"elementor-icon-list-item\">\n\t\t\t\t\t\t\t\t\t\t\t<span class=\"elementor-icon-list-icon\">\n\t\t\t\t\t\t\t<i aria-hidden=\"true\" class=\"fas fa-check\"><\/i>\t\t\t\t\t\t<\/span>\n\t\t\t\t\t\t\t\t\t\t<span class=\"elementor-icon-list-text\">A ny\u00e1rfa feldolgoz\u00f3 szektor sz\u00e9lesk\u00f6r\u0171 fejleszt\u00e9s\u00e9vel piacvezet\u0151 szerepre t\u00f6reksz\u00fcnk<\/span>\n\t\t\t\t\t\t\t\t\t<\/li>\n\t\t\t\t\t\t\t\t<li class=\"elementor-icon-list-item\">\n\t\t\t\t\t\t\t\t\t\t\t<span class=\"elementor-icon-list-icon\">\n\t\t\t\t\t\t\t<i aria-hidden=\"true\" class=\"fas fa-check\"><\/i>\t\t\t\t\t\t<\/span>\n\t\t\t\t\t\t\t\t\t\t<span class=\"elementor-icon-list-text\">Er\u0151s\u00edteni k\u00edv\u00e1njuk jelenl\u00e9t\u00fcnket az \u00e9p\u00edt\u0151ipar, b\u00fatoripar \u00e9s a bels\u0151\u00e9p\u00edt\u00e9szet ter\u00fclet\u00e9n <\/span>\n\t\t\t\t\t\t\t\t\t<\/li>\n\t\t\t\t\t\t<\/ul>\n\t\t\t\t\t\t<\/div>\n\t\t\t\t<\/div>\n\t\t\t\t\t<\/div>\n\t\t<\/div>\n\t\t\t\t\t<\/div>\n\t\t<\/section>\n\t\t\t\t<section class=\"elementor-section elementor-top-section elementor-element elementor-element-635e0bd elementor-section-full_width elementor-section-height-default elementor-section-height-default\" data-id=\"635e0bd\" data-element_type=\"section\" data-settings=\"{&quot;background_background&quot;:&quot;classic&quot;}\">\n\t\t\t\t\t\t\t<div class=\"elementor-background-overlay\"><\/div>\n\t\t\t\t\t\t\t<div class=\"elementor-container elementor-column-gap-no\">\n\t\t\t\t\t<div class=\"elementor-column elementor-col-50 elementor-top-column elementor-element elementor-element-a5ace61\" data-id=\"a5ace61\" data-element_type=\"column\" data-settings=\"{&quot;background_background&quot;:&quot;slideshow&quot;,&quot;background_slideshow_gallery&quot;:[{&quot;id&quot;:252,&quot;url&quot;:&quot;https:\\\/\\\/derula.com\\\/wp-content\\\/uploads\\\/2023\\\/01\\\/Valori_02.png&quot;},{&quot;id&quot;:251,&quot;url&quot;:&quot;https:\\\/\\\/derula.com\\\/wp-content\\\/uploads\\\/2023\\\/01\\\/Valori_01.png&quot;}],&quot;background_slideshow_loop&quot;:&quot;yes&quot;,&quot;background_slideshow_slide_duration&quot;:5000,&quot;background_slideshow_slide_transition&quot;:&quot;fade&quot;,&quot;background_slideshow_transition_duration&quot;:500}\">\n\t\t\t<div class=\"elementor-widget-wrap elementor-element-populated\">\n\t\t\t\t\t\t<div class=\"elementor-element elementor-element-d04cd34 elementor-widget elementor-widget-spacer\" data-id=\"d04cd34\" data-element_type=\"widget\" data-widget_type=\"spacer.default\">\n\t\t\t\t<div class=\"elementor-widget-container\">\n\t\t\t\t\t\t\t<div class=\"elementor-spacer\">\n\t\t\t<div class=\"elementor-spacer-inner\"><\/div>\n\t\t<\/div>\n\t\t\t\t\t\t<\/div>\n\t\t\t\t<\/div>\n\t\t\t\t\t<\/div>\n\t\t<\/div>\n\t\t\t\t<div class=\"elementor-column elementor-col-50 elementor-top-column elementor-element elementor-element-5fb2a03\" data-id=\"5fb2a03\" data-element_type=\"column\" data-settings=\"{&quot;background_background&quot;:&quot;classic&quot;}\">\n\t\t\t<div class=\"elementor-widget-wrap elementor-element-populated\">\n\t\t\t\t\t\t<div class=\"elementor-element elementor-element-1c9b38b elementor-widget elementor-widget-menu-anchor\" data-id=\"1c9b38b\" data-element_type=\"widget\" data-widget_type=\"menu-anchor.default\">\n\t\t\t\t<div class=\"elementor-widget-container\">\n\t\t\t\t\t\t\t<div class=\"elementor-menu-anchor\" id=\"ertekeink\"><\/div>\n\t\t\t\t\t\t<\/div>\n\t\t\t\t<\/div>\n\t\t\t\t<div class=\"elementor-element elementor-element-9c7f3c7 elementor-widget elementor-widget-heading\" data-id=\"9c7f3c7\" data-element_type=\"widget\" data-widget_type=\"heading.default\">\n\t\t\t\t<div class=\"elementor-widget-container\">\n\t\t\t\t\t<h2 class=\"elementor-heading-title elementor-size-default\">\u00c9rt\u00e9keink<\/h2>\t\t\t\t<\/div>\n\t\t\t\t<\/div>\n\t\t\t\t<div class=\"elementor-element elementor-element-3171e4c elementor-widget-divider--view-line elementor-widget elementor-widget-divider\" data-id=\"3171e4c\" data-element_type=\"widget\" data-widget_type=\"divider.default\">\n\t\t\t\t<div class=\"elementor-widget-container\">\n\t\t\t\t\t\t\t<div class=\"elementor-divider\">\n\t\t\t<span class=\"elementor-divider-separator\">\n\t\t\t\t\t\t<\/span>\n\t\t<\/div>\n\t\t\t\t\t\t<\/div>\n\t\t\t\t<\/div>\n\t\t\t\t<div class=\"elementor-element elementor-element-90219a5 elementor-widget elementor-widget-text-editor\" data-id=\"90219a5\" data-element_type=\"widget\" data-widget_type=\"text-editor.default\">\n\t\t\t\t<div class=\"elementor-widget-container\">\n\t\t\t\t\t\t\t\t\t<p>J\u00f6v\u0151k\u00e9p\u00fcnk \u00e9s v\u00e1llalati strat\u00e9gi\u00e1nk n\u00e9gy alappill\u00e9re a <strong>hagyom\u00e1nyok<\/strong> megbecs\u00fcl\u00e9se, a <strong>folyamatos innov\u00e1ci\u00f3<\/strong>, a v\u00e1llalati etika \u00e9s <strong>fenntarthat\u00f3s\u00e1g<\/strong>, valamint az adott kort gyakran megel\u0151z\u0151<strong> kock\u00e1zatv\u00e1llal\u00e1si hajland\u00f3s\u00e1g<\/strong>.<\/p>\t\t\t\t\t\t\t\t<\/div>\n\t\t\t\t<\/div>\n\t\t\t\t\t<\/div>\n\t\t<\/div>\n\t\t\t\t\t<\/div>\n\t\t<\/section>\n\t\t\t\t<section class=\"elementor-section elementor-top-section elementor-element elementor-element-a49a02e elementor-section-full_width elementor-section-height-min-height elementor-section-height-default elementor-section-items-middle\" data-id=\"a49a02e\" data-element_type=\"section\" data-settings=\"{&quot;background_background&quot;:&quot;classic&quot;}\">\n\t\t\t\t\t\t<div class=\"elementor-container elementor-column-gap-default\">\n\t\t\t\t\t<div class=\"elementor-column elementor-col-100 elementor-top-column elementor-element elementor-element-2265c4e\" data-id=\"2265c4e\" data-element_type=\"column\">\n\t\t\t<div class=\"elementor-widget-wrap elementor-element-populated\">\n\t\t\t\t\t\t<div class=\"elementor-element elementor-element-150ccd0 elementor-widget elementor-widget-spacer\" data-id=\"150ccd0\" data-element_type=\"widget\" data-widget_type=\"spacer.default\">\n\t\t\t\t<div class=\"elementor-widget-container\">\n\t\t\t\t\t\t\t<div class=\"elementor-spacer\">\n\t\t\t<div class=\"elementor-spacer-inner\"><\/div>\n\t\t<\/div>\n\t\t\t\t\t\t<\/div>\n\t\t\t\t<\/div>\n\t\t\t\t\t<\/div>\n\t\t<\/div>\n\t\t\t\t\t<\/div>\n\t\t<\/section>\n\t\t\t\t<\/div>\n\t\t","protected":false},"excerpt":{"rendered":"<p>K\u00fcldet\u00e9s \u00e9s j\u00f6v\u0151k\u00e9p \u00c9rt\u00e9keink K\u00fcldet\u00e9s \u00e9s j\u00f6v\u0151k\u00e9p Csapatunk nagyra becs\u00fcli a f\u00e1ban rejl\u0151 er\u0151forr\u00e1sokat, \u00e9s el\u0151seg\u00edti a piacok fejl\u0151d\u00e9s\u00e9t r\u00e9szv\u00e9nyeseink, munkav\u00e1llal\u00f3ink \u00e9s minden egy\u00e9b \u00e9rdekelt f\u00e9l el\u00e9gedetts\u00e9ge \u00e9rdek\u00e9ben, nagy hangs\u00falyt fektetve a v\u00e1llalati t\u00e1rsadalmi felel\u0151ss\u00e9gv\u00e1llal\u00e1sra. A ny\u00e1rfa v\u00e1ltozatlanul a j\u00f6v\u0151nk \u00e9s els\u0151dleges alapanyagunk Akt\u00edvan r\u00e9szt vesz\u00fcnk a ny\u00e1rfaell\u00e1t\u00e1si l\u00e1nc fejleszt\u00e9s\u00e9ben A ny\u00e1rfa feldolgoz\u00f3 szektor sz\u00e9lesk\u00f6r\u0171 &#8230; <a title=\"Kult\u00far\u00e1nk\" class=\"read-more\" href=\"https:\/\/derula.com\/hu\/kulturank\/\" aria-label=\"Read more about Kult\u00far\u00e1nk\">Olvass tov\u00e1bb<\/a><\/p>\n","protected":false},"author":1,"featured_media":0,"parent":0,"menu_order":0,"comment_status":"closed","ping_status":"closed","template":"elementor_header_footer","meta":{"footnotes":""},"class_list":["post-1888","page","type-page","status-publish"],"yoast_head":"<!-- This site is optimized with the Yoast SEO plugin v26.3 - https:\/\/yoast.com\/wordpress\/plugins\/seo\/ -->\n<title>Kult\u00far\u00e1nk - Derula<\/title>\n<meta name=\"description\" content=\"Csapatunk nagyra becs\u00fcli a f\u00e1ban rejl\u0151 er\u0151forr\u00e1sokat, \u00e9s el\u0151seg\u00edti a piacok fejl\u0151d\u00e9s\u00e9t r\u00e9szv\u00e9nyeseink, munkav\u00e1llal\u00f3ink \u00e9s minden egy\u00e9b \u00e9rdekelt f\u00e9l el\u00e9gedetts\u00e9ge \u00e9rdek\u00e9ben, nagy hangs\u00falyt fektetve a v\u00e1llalati t\u00e1rsadalmi felel\u0151ss\u00e9gv\u00e1llal\u00e1sra.\" \/>\n<meta name=\"robots\" content=\"index, follow, max-snippet:-1, max-image-preview:large, max-video-preview:-1\" \/>\n<link rel=\"canonical\" href=\"https:\/\/derula.com\/hu\/kulturank\/\" \/>\n<meta property=\"og:locale\" content=\"hu_HU\" \/>\n<meta property=\"og:type\" content=\"article\" \/>\n<meta property=\"og:title\" content=\"Kult\u00far\u00e1nk - Derula\" \/>\n<meta property=\"og:description\" content=\"Csapatunk nagyra becs\u00fcli a f\u00e1ban rejl\u0151 er\u0151forr\u00e1sokat, \u00e9s el\u0151seg\u00edti a piacok fejl\u0151d\u00e9s\u00e9t r\u00e9szv\u00e9nyeseink, munkav\u00e1llal\u00f3ink \u00e9s minden egy\u00e9b \u00e9rdekelt f\u00e9l el\u00e9gedetts\u00e9ge \u00e9rdek\u00e9ben, nagy hangs\u00falyt fektetve a v\u00e1llalati t\u00e1rsadalmi felel\u0151ss\u00e9gv\u00e1llal\u00e1sra.\" \/>\n<meta property=\"og:url\" content=\"https:\/\/derula.com\/hu\/kulturank\/\" \/>\n<meta property=\"og:site_name\" content=\"Derula\" \/>\n<meta property=\"article:modified_time\" content=\"2023-05-17T09:31:56+00:00\" \/>\n<meta property=\"og:image\" content=\"https:\/\/derula.com\/wp-content\/uploads\/2023\/01\/MONDO.jpg\" \/>\n<meta name=\"twitter:card\" content=\"summary_large_image\" \/>\n<meta name=\"twitter:label1\" content=\"Becs\u00fclt olvas\u00e1si id\u0151\" \/>\n\t<meta name=\"twitter:data1\" content=\"1 perc\" \/>\n<script type=\"application\/ld+json\" class=\"yoast-schema-graph\">{\"@context\":\"https:\/\/schema.org\",\"@graph\":[{\"@type\":\"WebPage\",\"@id\":\"https:\/\/derula.com\/hu\/kulturank\/\",\"url\":\"https:\/\/derula.com\/hu\/kulturank\/\",\"name\":\"Kult\u00far\u00e1nk - Derula\",\"isPartOf\":{\"@id\":\"https:\/\/derula.com\/hu\/#website\"},\"primaryImageOfPage\":{\"@id\":\"https:\/\/derula.com\/hu\/kulturank\/#primaryimage\"},\"image\":{\"@id\":\"https:\/\/derula.com\/hu\/kulturank\/#primaryimage\"},\"thumbnailUrl\":\"https:\/\/derula.com\/wp-content\/uploads\/2023\/01\/MONDO.jpg\",\"datePublished\":\"2023-01-11T08:40:44+00:00\",\"dateModified\":\"2023-05-17T09:31:56+00:00\",\"description\":\"Csapatunk nagyra becs\u00fcli a f\u00e1ban rejl\u0151 er\u0151forr\u00e1sokat, \u00e9s el\u0151seg\u00edti a piacok fejl\u0151d\u00e9s\u00e9t r\u00e9szv\u00e9nyeseink, munkav\u00e1llal\u00f3ink \u00e9s minden egy\u00e9b \u00e9rdekelt f\u00e9l el\u00e9gedetts\u00e9ge \u00e9rdek\u00e9ben, nagy hangs\u00falyt fektetve a v\u00e1llalati t\u00e1rsadalmi felel\u0151ss\u00e9gv\u00e1llal\u00e1sra.\",\"breadcrumb\":{\"@id\":\"https:\/\/derula.com\/hu\/kulturank\/#breadcrumb\"},\"inLanguage\":\"hu\",\"potentialAction\":[{\"@type\":\"ReadAction\",\"target\":[\"https:\/\/derula.com\/hu\/kulturank\/\"]}]},{\"@type\":\"ImageObject\",\"inLanguage\":\"hu\",\"@id\":\"https:\/\/derula.com\/hu\/kulturank\/#primaryimage\",\"url\":\"https:\/\/derula.com\/wp-content\/uploads\/2023\/01\/MONDO.jpg\",\"contentUrl\":\"https:\/\/derula.com\/wp-content\/uploads\/2023\/01\/MONDO.jpg\"},{\"@type\":\"BreadcrumbList\",\"@id\":\"https:\/\/derula.com\/hu\/kulturank\/#breadcrumb\",\"itemListElement\":[{\"@type\":\"ListItem\",\"position\":1,\"name\":\"Home\",\"item\":\"https:\/\/derula.com\/hu\/\"},{\"@type\":\"ListItem\",\"position\":2,\"name\":\"Kult\u00far\u00e1nk\"}]},{\"@type\":\"WebSite\",\"@id\":\"https:\/\/derula.com\/hu\/#website\",\"url\":\"https:\/\/derula.com\/hu\/\",\"name\":\"Derula\",\"description\":\"plywood and plantations\",\"publisher\":{\"@id\":\"https:\/\/derula.com\/hu\/#organization\"},\"potentialAction\":[{\"@type\":\"SearchAction\",\"target\":{\"@type\":\"EntryPoint\",\"urlTemplate\":\"https:\/\/derula.com\/hu\/?s={search_term_string}\"},\"query-input\":{\"@type\":\"PropertyValueSpecification\",\"valueRequired\":true,\"valueName\":\"search_term_string\"}}],\"inLanguage\":\"hu\"},{\"@type\":\"Organization\",\"@id\":\"https:\/\/derula.com\/hu\/#organization\",\"name\":\"Derula Kft\",\"url\":\"https:\/\/derula.com\/hu\/\",\"logo\":{\"@type\":\"ImageObject\",\"inLanguage\":\"hu\",\"@id\":\"https:\/\/derula.com\/hu\/#\/schema\/logo\/image\/\",\"url\":\"https:\/\/derula.com\/wp-content\/uploads\/2023\/01\/DERULA-logo.png\",\"contentUrl\":\"https:\/\/derula.com\/wp-content\/uploads\/2023\/01\/DERULA-logo.png\",\"width\":500,\"height\":104,\"caption\":\"Derula Kft\"},\"image\":{\"@id\":\"https:\/\/derula.com\/hu\/#\/schema\/logo\/image\/\"}}]}<\/script>\n<!-- \/ Yoast SEO plugin. -->","yoast_head_json":{"title":"Kult\u00far\u00e1nk - Derula","description":"Csapatunk nagyra becs\u00fcli a f\u00e1ban rejl\u0151 er\u0151forr\u00e1sokat, \u00e9s el\u0151seg\u00edti a piacok fejl\u0151d\u00e9s\u00e9t r\u00e9szv\u00e9nyeseink, munkav\u00e1llal\u00f3ink \u00e9s minden egy\u00e9b \u00e9rdekelt f\u00e9l el\u00e9gedetts\u00e9ge \u00e9rdek\u00e9ben, nagy hangs\u00falyt fektetve a v\u00e1llalati t\u00e1rsadalmi felel\u0151ss\u00e9gv\u00e1llal\u00e1sra.","robots":{"index":"index","follow":"follow","max-snippet":"max-snippet:-1","max-image-preview":"max-image-preview:large","max-video-preview":"max-video-preview:-1"},"canonical":"https:\/\/derula.com\/hu\/kulturank\/","og_locale":"hu_HU","og_type":"article","og_title":"Kult\u00far\u00e1nk - Derula","og_description":"Csapatunk nagyra becs\u00fcli a f\u00e1ban rejl\u0151 er\u0151forr\u00e1sokat, \u00e9s el\u0151seg\u00edti a piacok fejl\u0151d\u00e9s\u00e9t r\u00e9szv\u00e9nyeseink, munkav\u00e1llal\u00f3ink \u00e9s minden egy\u00e9b \u00e9rdekelt f\u00e9l el\u00e9gedetts\u00e9ge \u00e9rdek\u00e9ben, nagy hangs\u00falyt fektetve a v\u00e1llalati t\u00e1rsadalmi felel\u0151ss\u00e9gv\u00e1llal\u00e1sra.","og_url":"https:\/\/derula.com\/hu\/kulturank\/","og_site_name":"Derula","article_modified_time":"2023-05-17T09:31:56+00:00","og_image":[{"url":"https:\/\/derula.com\/wp-content\/uploads\/2023\/01\/MONDO.jpg","type":"","width":"","height":""}],"twitter_card":"summary_large_image","twitter_misc":{"Becs\u00fclt olvas\u00e1si id\u0151":"1 perc"},"schema":{"@context":"https:\/\/schema.org","@graph":[{"@type":"WebPage","@id":"https:\/\/derula.com\/hu\/kulturank\/","url":"https:\/\/derula.com\/hu\/kulturank\/","name":"Kult\u00far\u00e1nk - Derula","isPartOf":{"@id":"https:\/\/derula.com\/hu\/#website"},"primaryImageOfPage":{"@id":"https:\/\/derula.com\/hu\/kulturank\/#primaryimage"},"image":{"@id":"https:\/\/derula.com\/hu\/kulturank\/#primaryimage"},"thumbnailUrl":"https:\/\/derula.com\/wp-content\/uploads\/2023\/01\/MONDO.jpg","datePublished":"2023-01-11T08:40:44+00:00","dateModified":"2023-05-17T09:31:56+00:00","description":"Csapatunk nagyra becs\u00fcli a f\u00e1ban rejl\u0151 er\u0151forr\u00e1sokat, \u00e9s el\u0151seg\u00edti a piacok fejl\u0151d\u00e9s\u00e9t r\u00e9szv\u00e9nyeseink, munkav\u00e1llal\u00f3ink \u00e9s minden egy\u00e9b \u00e9rdekelt f\u00e9l el\u00e9gedetts\u00e9ge \u00e9rdek\u00e9ben, nagy hangs\u00falyt fektetve a v\u00e1llalati t\u00e1rsadalmi felel\u0151ss\u00e9gv\u00e1llal\u00e1sra.","breadcrumb":{"@id":"https:\/\/derula.com\/hu\/kulturank\/#breadcrumb"},"inLanguage":"hu","potentialAction":[{"@type":"ReadAction","target":["https:\/\/derula.com\/hu\/kulturank\/"]}]},{"@type":"ImageObject","inLanguage":"hu","@id":"https:\/\/derula.com\/hu\/kulturank\/#primaryimage","url":"https:\/\/derula.com\/wp-content\/uploads\/2023\/01\/MONDO.jpg","contentUrl":"https:\/\/derula.com\/wp-content\/uploads\/2023\/01\/MONDO.jpg"},{"@type":"BreadcrumbList","@id":"https:\/\/derula.com\/hu\/kulturank\/#breadcrumb","itemListElement":[{"@type":"ListItem","position":1,"name":"Home","item":"https:\/\/derula.com\/hu\/"},{"@type":"ListItem","position":2,"name":"Kult\u00far\u00e1nk"}]},{"@type":"WebSite","@id":"https:\/\/derula.com\/hu\/#website","url":"https:\/\/derula.com\/hu\/","name":"Derula","description":"plywood and plantations","publisher":{"@id":"https:\/\/derula.com\/hu\/#organization"},"potentialAction":[{"@type":"SearchAction","target":{"@type":"EntryPoint","urlTemplate":"https:\/\/derula.com\/hu\/?s={search_term_string}"},"query-input":{"@type":"PropertyValueSpecification","valueRequired":true,"valueName":"search_term_string"}}],"inLanguage":"hu"},{"@type":"Organization","@id":"https:\/\/derula.com\/hu\/#organization","name":"Derula Kft","url":"https:\/\/derula.com\/hu\/","logo":{"@type":"ImageObject","inLanguage":"hu","@id":"https:\/\/derula.com\/hu\/#\/schema\/logo\/image\/","url":"https:\/\/derula.com\/wp-content\/uploads\/2023\/01\/DERULA-logo.png","contentUrl":"https:\/\/derula.com\/wp-content\/uploads\/2023\/01\/DERULA-logo.png","width":500,"height":104,"caption":"Derula Kft"},"image":{"@id":"https:\/\/derula.com\/hu\/#\/schema\/logo\/image\/"}}]}},"_links":{"self":[{"href":"https:\/\/derula.com\/hu\/wp-json\/wp\/v2\/pages\/1888","targetHints":{"allow":["GET"]}}],"collection":[{"href":"https:\/\/derula.com\/hu\/wp-json\/wp\/v2\/pages"}],"about":[{"href":"https:\/\/derula.com\/hu\/wp-json\/wp\/v2\/types\/page"}],"author":[{"embeddable":true,"href":"https:\/\/derula.com\/hu\/wp-json\/wp\/v2\/users\/1"}],"replies":[{"embeddable":true,"href":"https:\/\/derula.com\/hu\/wp-json\/wp\/v2\/comments?post=1888"}],"version-history":[{"count":0,"href":"https:\/\/derula.com\/hu\/wp-json\/wp\/v2\/pages\/1888\/revisions"}],"wp:attachment":[{"href":"https:\/\/derula.com\/hu\/wp-json\/wp\/v2\/media?parent=1888"}],"curies":[{"name":"wp","href":"https:\/\/api.w.org\/{rel}","templated":true}]}}