{"id":1874,"date":"2023-01-13T10:22:35","date_gmt":"2023-01-13T09:22:35","guid":{"rendered":"https:\/\/derula.com\/contacts\/"},"modified":"2023-11-28T13:24:38","modified_gmt":"2023-11-28T12:24:38","slug":"contacts","status":"publish","type":"page","link":"https:\/\/derula.com\/hu\/contacts\/","title":{"rendered":"Kapcsolat"},"content":{"rendered":"\t\t<div data-elementor-type=\"wp-page\" data-elementor-id=\"1874\" class=\"elementor elementor-1874 elementor-702\" data-elementor-post-type=\"page\">\n\t\t\t\t\t\t<section class=\"elementor-section elementor-top-section elementor-element elementor-element-f44cb1b elementor-section-boxed elementor-section-height-default elementor-section-height-default\" data-id=\"f44cb1b\" data-element_type=\"section\">\n\t\t\t\t\t\t<div class=\"elementor-container elementor-column-gap-default\">\n\t\t\t\t\t<div class=\"elementor-column elementor-col-100 elementor-top-column elementor-element elementor-element-2b61f5d\" data-id=\"2b61f5d\" data-element_type=\"column\">\n\t\t\t<div class=\"elementor-widget-wrap elementor-element-populated\">\n\t\t\t\t\t\t<div class=\"elementor-element elementor-element-c252104 elementor-widget elementor-widget-heading\" data-id=\"c252104\" data-element_type=\"widget\" data-widget_type=\"heading.default\">\n\t\t\t\t<div class=\"elementor-widget-container\">\n\t\t\t\t\t<h1 class=\"elementor-heading-title elementor-size-default\">Kapcsolat<\/h1>\t\t\t\t<\/div>\n\t\t\t\t<\/div>\n\t\t\t\t<div class=\"elementor-element elementor-element-95579f3 elementor-widget-divider--view-line elementor-widget elementor-widget-divider\" data-id=\"95579f3\" data-element_type=\"widget\" data-widget_type=\"divider.default\">\n\t\t\t\t<div class=\"elementor-widget-container\">\n\t\t\t\t\t\t\t<div class=\"elementor-divider\">\n\t\t\t<span class=\"elementor-divider-separator\">\n\t\t\t\t\t\t<\/span>\n\t\t<\/div>\n\t\t\t\t\t\t<\/div>\n\t\t\t\t<\/div>\n\t\t\t\t\t<\/div>\n\t\t<\/div>\n\t\t\t\t\t<\/div>\n\t\t<\/section>\n\t\t\t\t<section class=\"elementor-section elementor-top-section elementor-element elementor-element-76663cb elementor-section-boxed elementor-section-height-default elementor-section-height-default\" data-id=\"76663cb\" data-element_type=\"section\">\n\t\t\t\t\t\t<div class=\"elementor-container elementor-column-gap-default\">\n\t\t\t\t\t<div class=\"elementor-column elementor-col-100 elementor-top-column elementor-element elementor-element-ceffb48\" data-id=\"ceffb48\" data-element_type=\"column\">\n\t\t\t<div class=\"elementor-widget-wrap elementor-element-populated\">\n\t\t\t\t\t\t<div class=\"elementor-element elementor-element-44baa8e elementor-widget elementor-widget-text-editor\" data-id=\"44baa8e\" data-element_type=\"widget\" data-widget_type=\"text-editor.default\">\n\t\t\t\t<div class=\"elementor-widget-container\">\n\t\t\t\t\t\t\t\t\t<p><strong>Magyarorsz\u00e1gi k\u00f6zpont<\/strong><\/p><p>Szolnok, \u00dajsz\u00e1szi \u00fat 11<br \/>Tel. +36 56 \/ 427 &#8211; 201<br \/>Email c\u00edm\u00fcnk: <a href=\"mailto:info@derula.hu\">info@derula.hu<\/a><\/p>\t\t\t\t\t\t\t\t<\/div>\n\t\t\t\t<\/div>\n\t\t\t\t\t<\/div>\n\t\t<\/div>\n\t\t\t\t\t<\/div>\n\t\t<\/section>\n\t\t\t\t<section class=\"elementor-section elementor-top-section elementor-element elementor-element-acd2775 elementor-section-boxed elementor-section-height-default elementor-section-height-default\" data-id=\"acd2775\" data-element_type=\"section\">\n\t\t\t\t\t\t<div class=\"elementor-container elementor-column-gap-default\">\n\t\t\t\t\t<div class=\"elementor-column elementor-col-100 elementor-top-column elementor-element elementor-element-344c4d2\" data-id=\"344c4d2\" data-element_type=\"column\">\n\t\t\t<div class=\"elementor-widget-wrap elementor-element-populated\">\n\t\t\t\t\t\t<div class=\"elementor-element elementor-element-85f3a75 elementor-widget elementor-widget-spacer\" data-id=\"85f3a75\" data-element_type=\"widget\" data-widget_type=\"spacer.default\">\n\t\t\t\t<div class=\"elementor-widget-container\">\n\t\t\t\t\t\t\t<div class=\"elementor-spacer\">\n\t\t\t<div class=\"elementor-spacer-inner\"><\/div>\n\t\t<\/div>\n\t\t\t\t\t\t<\/div>\n\t\t\t\t<\/div>\n\t\t\t\t<div class=\"elementor-element elementor-element-3a673f9 elementor-widget elementor-widget-text-editor\" data-id=\"3a673f9\" data-element_type=\"widget\" data-widget_type=\"text-editor.default\">\n\t\t\t\t<div class=\"elementor-widget-container\">\n\t\t\t\t\t\t\t\t\t<p><strong>Vissza\u00e9l\u00e9s-bejelent\u00e9si rendszer<\/strong><\/p><p>A DERULA Kft.. a panaszokr\u00f3l, a k\u00f6z\u00e9rdek\u0171 bejelent\u00e9sekr\u0151l, valamint a vissza\u00e9l\u00e9sek bejelent\u00e9s\u00e9vel \u00f6sszef\u00fcgg\u0151 szab\u00e1lyokr\u00f3l sz\u00f3l\u00f3 2023. \u00e9vi XXV. t\u00f6rv\u00e9nnyel\u00a0\u00a0 \u00f6sszhangban bels\u0151 vissza\u00e9l\u00e9s-bejelent\u00e9si rendszert m\u0171k\u00f6dtet.<\/p><p>A bejelent\u00e9sre \u00edr\u00e1sban van lehet\u0151s\u00e9g a <a href=\"mailto:panasz@derula.hu\">panasz@derula.hu<\/a> e-mail c\u00edmen.<\/p>\t\t\t\t\t\t\t\t<\/div>\n\t\t\t\t<\/div>\n\t\t\t\t\t<\/div>\n\t\t<\/div>\n\t\t\t\t\t<\/div>\n\t\t<\/section>\n\t\t\t\t<section class=\"elementor-section elementor-top-section elementor-element elementor-element-a19c3a8 elementor-section-boxed elementor-section-height-default elementor-section-height-default\" data-id=\"a19c3a8\" data-element_type=\"section\">\n\t\t\t\t\t\t<div class=\"elementor-container elementor-column-gap-default\">\n\t\t\t\t\t<div class=\"elementor-column elementor-col-100 elementor-top-column elementor-element elementor-element-0dab270\" data-id=\"0dab270\" data-element_type=\"column\">\n\t\t\t<div class=\"elementor-widget-wrap elementor-element-populated\">\n\t\t\t\t\t\t<div class=\"elementor-element elementor-element-675eca9 elementor-widget elementor-widget-spacer\" data-id=\"675eca9\" data-element_type=\"widget\" data-widget_type=\"spacer.default\">\n\t\t\t\t<div class=\"elementor-widget-container\">\n\t\t\t\t\t\t\t<div class=\"elementor-spacer\">\n\t\t\t<div class=\"elementor-spacer-inner\"><\/div>\n\t\t<\/div>\n\t\t\t\t\t\t<\/div>\n\t\t\t\t<\/div>\n\t\t\t\t<div class=\"elementor-element elementor-element-050b264 elementor-widget elementor-widget-text-editor\" data-id=\"050b264\" data-element_type=\"widget\" data-widget_type=\"text-editor.default\">\n\t\t\t\t<div class=\"elementor-widget-container\">\n\t\t\t\t\t\t\t\t\t<p><strong>K\u00e9rj\u00fck seg\u00edtse munk\u00e1nkat!<br \/><\/strong><\/p><p>Az \u00d6n v\u00e9lem\u00e9nye is fontos \u00e9s \u00e9rt\u00e9kes sz\u00e1munkra, ez\u00e9rt k\u00e9rj\u00fck, seg\u00edtse munk\u00e1nkat n\u00e9h\u00e1ny k\u00e9rd\u00e9s megv\u00e1laszol\u00e1s\u00e1val!<\/p>\t\t\t\t\t\t\t\t<\/div>\n\t\t\t\t<\/div>\n\t\t\t\t<div class=\"elementor-element elementor-element-9254c50 elementor-align-center elementor-widget elementor-widget-button\" data-id=\"9254c50\" data-element_type=\"widget\" data-widget_type=\"button.default\">\n\t\t\t\t<div class=\"elementor-widget-container\">\n\t\t\t\t\t\t\t\t\t<div class=\"elementor-button-wrapper\">\n\t\t\t\t\t<a class=\"elementor-button elementor-button-link elementor-size-lg\" href=\"https:\/\/forms.gle\/a7QCwa2PC2XpsyH37\" target=\"_blank\">\n\t\t\t\t\t\t<span class=\"elementor-button-content-wrapper\">\n\t\t\t\t\t\t<span class=\"elementor-button-icon\">\n\t\t\t\t<i aria-hidden=\"true\" class=\"fas fa-pen\"><\/i>\t\t\t<\/span>\n\t\t\t\t\t\t\t\t\t<span class=\"elementor-button-text\">Kit\u00f6lt\u00f6m a k\u00e9rd\u0151\u00edvet<\/span>\n\t\t\t\t\t<\/span>\n\t\t\t\t\t<\/a>\n\t\t\t\t<\/div>\n\t\t\t\t\t\t\t\t<\/div>\n\t\t\t\t<\/div>\n\t\t\t\t<div class=\"elementor-element elementor-element-c925dd4 elementor-widget elementor-widget-spacer\" data-id=\"c925dd4\" data-element_type=\"widget\" data-widget_type=\"spacer.default\">\n\t\t\t\t<div class=\"elementor-widget-container\">\n\t\t\t\t\t\t\t<div class=\"elementor-spacer\">\n\t\t\t<div class=\"elementor-spacer-inner\"><\/div>\n\t\t<\/div>\n\t\t\t\t\t\t<\/div>\n\t\t\t\t<\/div>\n\t\t\t\t\t<\/div>\n\t\t<\/div>\n\t\t\t\t\t<\/div>\n\t\t<\/section>\n\t\t\t\t<section class=\"elementor-section elementor-top-section elementor-element elementor-element-d427604 elementor-section-full_width elementor-section-height-default elementor-section-height-default\" data-id=\"d427604\" data-element_type=\"section\" data-settings=\"{&quot;background_background&quot;:&quot;classic&quot;}\">\n\t\t\t\t\t\t\t<div class=\"elementor-background-overlay\"><\/div>\n\t\t\t\t\t\t\t<div class=\"elementor-container elementor-column-gap-default\">\n\t\t\t\t\t<div class=\"elementor-column elementor-col-100 elementor-top-column elementor-element elementor-element-c72a689\" data-id=\"c72a689\" data-element_type=\"column\" data-settings=\"{&quot;background_background&quot;:&quot;classic&quot;}\">\n\t\t\t<div class=\"elementor-widget-wrap elementor-element-populated\">\n\t\t\t\t\t\t<div class=\"elementor-element elementor-element-71d43d4 elementor-widget elementor-widget-hotspot\" data-id=\"71d43d4\" data-element_type=\"widget\" data-settings=\"{&quot;hotspot&quot;:[{&quot;_id&quot;:&quot;64d0bf4&quot;,&quot;hotspot_tooltip_content&quot;:&quot;&quot;,&quot;hotspot_offset_x&quot;:{&quot;unit&quot;:&quot;%&quot;,&quot;size&quot;:50,&quot;sizes&quot;:[]},&quot;hotspot_offset_y&quot;:{&quot;unit&quot;:&quot;%&quot;,&quot;size&quot;:38,&quot;sizes&quot;:[]},&quot;__dynamic__&quot;:null,&quot;hotspot_label&quot;:&quot;&quot;,&quot;hotspot_link&quot;:{&quot;url&quot;:&quot;&quot;,&quot;is_external&quot;:&quot;&quot;,&quot;nofollow&quot;:&quot;&quot;,&quot;custom_attributes&quot;:&quot;&quot;},&quot;hotspot_icon&quot;:{&quot;value&quot;:&quot;&quot;,&quot;library&quot;:&quot;&quot;},&quot;hotspot_custom_size&quot;:&quot;no&quot;,&quot;hotspot_horizontal&quot;:&quot;left&quot;,&quot;hotspot_vertical&quot;:&quot;top&quot;,&quot;hotspot_tooltip_position&quot;:&quot;no&quot;,&quot;hotspot_position&quot;:null}],&quot;hotspot_sequenced_animation&quot;:&quot;no&quot;,&quot;tooltip_position&quot;:&quot;top&quot;,&quot;tooltip_trigger&quot;:&quot;click&quot;,&quot;tooltip_animation&quot;:&quot;e-hotspot--fade-in-out&quot;}\" data-widget_type=\"hotspot.default\">\n\t\t\t\t<div class=\"elementor-widget-container\">\n\t\t\t\t\t<img decoding=\"async\" src=\"https:\/\/derula.com\/wp-content\/uploads\/elementor\/thumbs\/Contatti-q2n3bdf2lt7h6qe590nd5zhxdci4yefagjqlhacni8.jpg\" title=\"Contatti\" alt=\"world\" loading=\"lazy\" \/>\n\t\t\t\t\t\t<div class=\"e-hotspot elementor-repeater-item-64d0bf4  e-hotspot--position-left e-hotspot--position-top   e-hotspot--circle\">\n\n\t\t\t\t\t\t\t\t<div class=\"e-hotspot__button e-hotspot--expand\">\n\t\t\t\t\t\t\t\t\t\t\t<div class=\"e-hotspot__outer-circle\"><\/div>\n\t\t\t\t\t\t<div class=\"e-hotspot__inner-circle\"><\/div>\n\t\t\t\t\t\t\t\t\t<\/div>\n\n\t\t\t\t\t\t\t\t\n\t\t\t<\/div>\n\n\t\n\t\t\t\t\t\t<\/div>\n\t\t\t\t<\/div>\n\t\t\t\t\t<\/div>\n\t\t<\/div>\n\t\t\t\t\t<\/div>\n\t\t<\/section>\n\t\t\t\t<\/div>\n\t\t","protected":false},"excerpt":{"rendered":"<p>Kapcsolat Magyarorsz\u00e1gi k\u00f6zpont Szolnok, \u00dajsz\u00e1szi \u00fat 11Tel. +36 56 \/ 427 &#8211; 201Email c\u00edm\u00fcnk: info@derula.hu Vissza\u00e9l\u00e9s-bejelent\u00e9si rendszer A DERULA Kft.. a panaszokr\u00f3l, a k\u00f6z\u00e9rdek\u0171 bejelent\u00e9sekr\u0151l, valamint a vissza\u00e9l\u00e9sek bejelent\u00e9s\u00e9vel \u00f6sszef\u00fcgg\u0151 szab\u00e1lyokr\u00f3l sz\u00f3l\u00f3 2023. \u00e9vi XXV. t\u00f6rv\u00e9nnyel\u00a0\u00a0 \u00f6sszhangban bels\u0151 vissza\u00e9l\u00e9s-bejelent\u00e9si rendszert m\u0171k\u00f6dtet. A bejelent\u00e9sre \u00edr\u00e1sban van lehet\u0151s\u00e9g a panasz@derula.hu e-mail c\u00edmen. K\u00e9rj\u00fck seg\u00edtse munk\u00e1nkat! Az \u00d6n &#8230; <a title=\"Kapcsolat\" class=\"read-more\" href=\"https:\/\/derula.com\/hu\/contacts\/\" aria-label=\"Read more about Kapcsolat\">Olvass tov\u00e1bb<\/a><\/p>\n","protected":false},"author":1,"featured_media":0,"parent":0,"menu_order":0,"comment_status":"closed","ping_status":"closed","template":"elementor_header_footer","meta":{"footnotes":""},"class_list":["post-1874","page","type-page","status-publish"],"yoast_head":"<!-- This site is optimized with the Yoast SEO plugin v26.3 - https:\/\/yoast.com\/wordpress\/plugins\/seo\/ -->\n<title>Kapcsolat - Derula<\/title>\n<meta name=\"description\" content=\"Magyarorsz\u00e1gi k\u00f6zpont: Szolnok, \u00dajsz\u00e1szi \u00fat 11; Tel. +36 56 \/ 427 \u2013 201; Email c\u00edm\u00fcnk: info@derula.hu\" \/>\n<meta name=\"robots\" content=\"index, follow, max-snippet:-1, max-image-preview:large, max-video-preview:-1\" \/>\n<link rel=\"canonical\" href=\"https:\/\/derula.com\/hu\/contacts\/\" \/>\n<meta property=\"og:locale\" content=\"hu_HU\" \/>\n<meta property=\"og:type\" content=\"article\" \/>\n<meta property=\"og:title\" content=\"Kapcsolat - Derula\" \/>\n<meta property=\"og:description\" content=\"Magyarorsz\u00e1gi k\u00f6zpont: Szolnok, \u00dajsz\u00e1szi \u00fat 11; Tel. +36 56 \/ 427 \u2013 201; Email c\u00edm\u00fcnk: info@derula.hu\" \/>\n<meta property=\"og:url\" content=\"https:\/\/derula.com\/hu\/contacts\/\" \/>\n<meta property=\"og:site_name\" content=\"Derula\" \/>\n<meta property=\"article:modified_time\" content=\"2023-11-28T12:24:38+00:00\" \/>\n<meta property=\"og:image\" content=\"https:\/\/derula.com\/wp-content\/uploads\/elementor\/thumbs\/Contatti-q2n3bdf2lt7h6qe590nd5zhxdci4yefagjqlhacni8.jpg\" \/>\n<meta name=\"twitter:card\" content=\"summary_large_image\" \/>\n<meta name=\"twitter:label1\" content=\"Becs\u00fclt olvas\u00e1si id\u0151\" \/>\n\t<meta name=\"twitter:data1\" content=\"1 perc\" \/>\n<script type=\"application\/ld+json\" class=\"yoast-schema-graph\">{\"@context\":\"https:\/\/schema.org\",\"@graph\":[{\"@type\":\"WebPage\",\"@id\":\"https:\/\/derula.com\/hu\/contacts\/\",\"url\":\"https:\/\/derula.com\/hu\/contacts\/\",\"name\":\"Kapcsolat - Derula\",\"isPartOf\":{\"@id\":\"https:\/\/derula.com\/hu\/#website\"},\"primaryImageOfPage\":{\"@id\":\"https:\/\/derula.com\/hu\/contacts\/#primaryimage\"},\"image\":{\"@id\":\"https:\/\/derula.com\/hu\/contacts\/#primaryimage\"},\"thumbnailUrl\":\"https:\/\/derula.com\/wp-content\/uploads\/elementor\/thumbs\/Contatti-q2n3bdf2lt7h6qe590nd5zhxdci4yefagjqlhacni8.jpg\",\"datePublished\":\"2023-01-13T09:22:35+00:00\",\"dateModified\":\"2023-11-28T12:24:38+00:00\",\"description\":\"Magyarorsz\u00e1gi k\u00f6zpont: Szolnok, \u00dajsz\u00e1szi \u00fat 11; Tel. +36 56 \/ 427 \u2013 201; Email c\u00edm\u00fcnk: info@derula.hu\",\"breadcrumb\":{\"@id\":\"https:\/\/derula.com\/hu\/contacts\/#breadcrumb\"},\"inLanguage\":\"hu\",\"potentialAction\":[{\"@type\":\"ReadAction\",\"target\":[\"https:\/\/derula.com\/hu\/contacts\/\"]}]},{\"@type\":\"ImageObject\",\"inLanguage\":\"hu\",\"@id\":\"https:\/\/derula.com\/hu\/contacts\/#primaryimage\",\"url\":\"https:\/\/derula.com\/wp-content\/uploads\/elementor\/thumbs\/Contatti-q2n3bdf2lt7h6qe590nd5zhxdci4yefagjqlhacni8.jpg\",\"contentUrl\":\"https:\/\/derula.com\/wp-content\/uploads\/elementor\/thumbs\/Contatti-q2n3bdf2lt7h6qe590nd5zhxdci4yefagjqlhacni8.jpg\"},{\"@type\":\"BreadcrumbList\",\"@id\":\"https:\/\/derula.com\/hu\/contacts\/#breadcrumb\",\"itemListElement\":[{\"@type\":\"ListItem\",\"position\":1,\"name\":\"Home\",\"item\":\"https:\/\/derula.com\/hu\/\"},{\"@type\":\"ListItem\",\"position\":2,\"name\":\"Kapcsolat\"}]},{\"@type\":\"WebSite\",\"@id\":\"https:\/\/derula.com\/hu\/#website\",\"url\":\"https:\/\/derula.com\/hu\/\",\"name\":\"Derula\",\"description\":\"plywood and plantations\",\"publisher\":{\"@id\":\"https:\/\/derula.com\/hu\/#organization\"},\"potentialAction\":[{\"@type\":\"SearchAction\",\"target\":{\"@type\":\"EntryPoint\",\"urlTemplate\":\"https:\/\/derula.com\/hu\/?s={search_term_string}\"},\"query-input\":{\"@type\":\"PropertyValueSpecification\",\"valueRequired\":true,\"valueName\":\"search_term_string\"}}],\"inLanguage\":\"hu\"},{\"@type\":\"Organization\",\"@id\":\"https:\/\/derula.com\/hu\/#organization\",\"name\":\"Derula Kft\",\"url\":\"https:\/\/derula.com\/hu\/\",\"logo\":{\"@type\":\"ImageObject\",\"inLanguage\":\"hu\",\"@id\":\"https:\/\/derula.com\/hu\/#\/schema\/logo\/image\/\",\"url\":\"https:\/\/derula.com\/wp-content\/uploads\/2023\/01\/DERULA-logo.png\",\"contentUrl\":\"https:\/\/derula.com\/wp-content\/uploads\/2023\/01\/DERULA-logo.png\",\"width\":500,\"height\":104,\"caption\":\"Derula Kft\"},\"image\":{\"@id\":\"https:\/\/derula.com\/hu\/#\/schema\/logo\/image\/\"}}]}<\/script>\n<!-- \/ Yoast SEO plugin. -->","yoast_head_json":{"title":"Kapcsolat - Derula","description":"Magyarorsz\u00e1gi k\u00f6zpont: Szolnok, \u00dajsz\u00e1szi \u00fat 11; Tel. +36 56 \/ 427 \u2013 201; Email c\u00edm\u00fcnk: info@derula.hu","robots":{"index":"index","follow":"follow","max-snippet":"max-snippet:-1","max-image-preview":"max-image-preview:large","max-video-preview":"max-video-preview:-1"},"canonical":"https:\/\/derula.com\/hu\/contacts\/","og_locale":"hu_HU","og_type":"article","og_title":"Kapcsolat - Derula","og_description":"Magyarorsz\u00e1gi k\u00f6zpont: Szolnok, \u00dajsz\u00e1szi \u00fat 11; Tel. +36 56 \/ 427 \u2013 201; Email c\u00edm\u00fcnk: info@derula.hu","og_url":"https:\/\/derula.com\/hu\/contacts\/","og_site_name":"Derula","article_modified_time":"2023-11-28T12:24:38+00:00","og_image":[{"url":"https:\/\/derula.com\/wp-content\/uploads\/elementor\/thumbs\/Contatti-q2n3bdf2lt7h6qe590nd5zhxdci4yefagjqlhacni8.jpg","type":"","width":"","height":""}],"twitter_card":"summary_large_image","twitter_misc":{"Becs\u00fclt olvas\u00e1si id\u0151":"1 perc"},"schema":{"@context":"https:\/\/schema.org","@graph":[{"@type":"WebPage","@id":"https:\/\/derula.com\/hu\/contacts\/","url":"https:\/\/derula.com\/hu\/contacts\/","name":"Kapcsolat - Derula","isPartOf":{"@id":"https:\/\/derula.com\/hu\/#website"},"primaryImageOfPage":{"@id":"https:\/\/derula.com\/hu\/contacts\/#primaryimage"},"image":{"@id":"https:\/\/derula.com\/hu\/contacts\/#primaryimage"},"thumbnailUrl":"https:\/\/derula.com\/wp-content\/uploads\/elementor\/thumbs\/Contatti-q2n3bdf2lt7h6qe590nd5zhxdci4yefagjqlhacni8.jpg","datePublished":"2023-01-13T09:22:35+00:00","dateModified":"2023-11-28T12:24:38+00:00","description":"Magyarorsz\u00e1gi k\u00f6zpont: Szolnok, \u00dajsz\u00e1szi \u00fat 11; Tel. +36 56 \/ 427 \u2013 201; Email c\u00edm\u00fcnk: info@derula.hu","breadcrumb":{"@id":"https:\/\/derula.com\/hu\/contacts\/#breadcrumb"},"inLanguage":"hu","potentialAction":[{"@type":"ReadAction","target":["https:\/\/derula.com\/hu\/contacts\/"]}]},{"@type":"ImageObject","inLanguage":"hu","@id":"https:\/\/derula.com\/hu\/contacts\/#primaryimage","url":"https:\/\/derula.com\/wp-content\/uploads\/elementor\/thumbs\/Contatti-q2n3bdf2lt7h6qe590nd5zhxdci4yefagjqlhacni8.jpg","contentUrl":"https:\/\/derula.com\/wp-content\/uploads\/elementor\/thumbs\/Contatti-q2n3bdf2lt7h6qe590nd5zhxdci4yefagjqlhacni8.jpg"},{"@type":"BreadcrumbList","@id":"https:\/\/derula.com\/hu\/contacts\/#breadcrumb","itemListElement":[{"@type":"ListItem","position":1,"name":"Home","item":"https:\/\/derula.com\/hu\/"},{"@type":"ListItem","position":2,"name":"Kapcsolat"}]},{"@type":"WebSite","@id":"https:\/\/derula.com\/hu\/#website","url":"https:\/\/derula.com\/hu\/","name":"Derula","description":"plywood and plantations","publisher":{"@id":"https:\/\/derula.com\/hu\/#organization"},"potentialAction":[{"@type":"SearchAction","target":{"@type":"EntryPoint","urlTemplate":"https:\/\/derula.com\/hu\/?s={search_term_string}"},"query-input":{"@type":"PropertyValueSpecification","valueRequired":true,"valueName":"search_term_string"}}],"inLanguage":"hu"},{"@type":"Organization","@id":"https:\/\/derula.com\/hu\/#organization","name":"Derula Kft","url":"https:\/\/derula.com\/hu\/","logo":{"@type":"ImageObject","inLanguage":"hu","@id":"https:\/\/derula.com\/hu\/#\/schema\/logo\/image\/","url":"https:\/\/derula.com\/wp-content\/uploads\/2023\/01\/DERULA-logo.png","contentUrl":"https:\/\/derula.com\/wp-content\/uploads\/2023\/01\/DERULA-logo.png","width":500,"height":104,"caption":"Derula Kft"},"image":{"@id":"https:\/\/derula.com\/hu\/#\/schema\/logo\/image\/"}}]}},"_links":{"self":[{"href":"https:\/\/derula.com\/hu\/wp-json\/wp\/v2\/pages\/1874","targetHints":{"allow":["GET"]}}],"collection":[{"href":"https:\/\/derula.com\/hu\/wp-json\/wp\/v2\/pages"}],"about":[{"href":"https:\/\/derula.com\/hu\/wp-json\/wp\/v2\/types\/page"}],"author":[{"embeddable":true,"href":"https:\/\/derula.com\/hu\/wp-json\/wp\/v2\/users\/1"}],"replies":[{"embeddable":true,"href":"https:\/\/derula.com\/hu\/wp-json\/wp\/v2\/comments?post=1874"}],"version-history":[{"count":0,"href":"https:\/\/derula.com\/hu\/wp-json\/wp\/v2\/pages\/1874\/revisions"}],"wp:attachment":[{"href":"https:\/\/derula.com\/hu\/wp-json\/wp\/v2\/media?parent=1874"}],"curies":[{"name":"wp","href":"https:\/\/api.w.org\/{rel}","templated":true}]}}